{"id":1908,"date":"2023-08-24T21:57:28","date_gmt":"2023-08-24T21:57:28","guid":{"rendered":"https:\/\/traderunner.pt\/fr\/?page_id=1908"},"modified":"2023-08-31T20:27:32","modified_gmt":"2023-08-31T20:27:32","slug":"service-fr","status":"publish","type":"page","link":"https:\/\/traderunner.pt\/fr\/service-fr\/","title":{"rendered":"Service-FR"},"content":{"rendered":"\t\t<div data-elementor-type=\"wp-post\" data-elementor-id=\"1908\" class=\"elementor elementor-1908\" data-elementor-post-type=\"page\">\n\t\t\t\t\t\t<section class=\"elementor-section elementor-top-section elementor-element elementor-element-a719ab9 elementor-section-boxed elementor-section-height-default elementor-section-height-default\" data-id=\"a719ab9\" data-element_type=\"section\" data-settings=\"{&quot;background_background&quot;:&quot;classic&quot;}\">\n\t\t\t\t\t\t\t<div class=\"elementor-background-overlay\"><\/div>\n\t\t\t\t\t\t\t<div class=\"elementor-container elementor-column-gap-default\">\n\t\t\t\t\t<div class=\"elementor-column elementor-col-100 elementor-top-column elementor-element elementor-element-3a9a6900\" data-id=\"3a9a6900\" data-element_type=\"column\">\n\t\t\t<div class=\"elementor-widget-wrap elementor-element-populated\">\n\t\t\t\t\t\t<section class=\"elementor-section elementor-inner-section elementor-element elementor-element-697902d0 elementor-section-boxed elementor-section-height-default elementor-section-height-default\" data-id=\"697902d0\" data-element_type=\"section\">\n\t\t\t\t\t\t<div class=\"elementor-container elementor-column-gap-no\">\n\t\t\t\t\t<div class=\"elementor-column elementor-col-100 elementor-inner-column elementor-element elementor-element-752a32ff\" data-id=\"752a32ff\" data-element_type=\"column\">\n\t\t\t<div class=\"elementor-widget-wrap elementor-element-populated\">\n\t\t\t\t\t\t<div class=\"elementor-element elementor-element-354dc03 the-title-center elementor-widget elementor-widget-konsultan-head-title\" data-id=\"354dc03\" data-element_type=\"widget\" data-widget_type=\"konsultan-head-title.default\">\n\t\t\t\t<div class=\"elementor-widget-container\">\n\t\t\t<div class=\"head-title head-title-2 text-center clearfix\">\r\n\t<h2 class=\"the-title elementor-inline-editing\" >\r\n\t\t\t\tSERVICES\t<\/h2>\r\n<\/div>\r\n\t\t\t\t<\/div>\n\t\t\t\t<\/div>\n\t\t\t\t<div class=\"elementor-element elementor-element-84f9b8d the-title-center elementor-widget elementor-widget-konsultan-head-title\" data-id=\"84f9b8d\" data-element_type=\"widget\" data-widget_type=\"konsultan-head-title.default\">\n\t\t\t\t<div class=\"elementor-widget-container\">\n\t\t\t<div class=\"head-title head-title-2 text-center clearfix\">\r\n\t<h2 class=\"the-title elementor-inline-editing\" >\r\n\t\t\t\tNos meilleurs services\t<\/h2>\r\n<\/div>\r\n\t\t\t\t<\/div>\n\t\t\t\t<\/div>\n\t\t\t\t<div class=\"elementor-element elementor-element-da55cd9 elementor-widget-divider--view-line elementor-widget elementor-widget-divider\" data-id=\"da55cd9\" data-element_type=\"widget\" data-widget_type=\"divider.default\">\n\t\t\t\t<div class=\"elementor-widget-container\">\n\t\t\t<style>\/*! elementor - v3.22.0 - 26-06-2024 *\/\n.elementor-widget-divider{--divider-border-style:none;--divider-border-width:1px;--divider-color:#0c0d0e;--divider-icon-size:20px;--divider-element-spacing:10px;--divider-pattern-height:24px;--divider-pattern-size:20px;--divider-pattern-url:none;--divider-pattern-repeat:repeat-x}.elementor-widget-divider .elementor-divider{display:flex}.elementor-widget-divider .elementor-divider__text{font-size:15px;line-height:1;max-width:95%}.elementor-widget-divider .elementor-divider__element{margin:0 var(--divider-element-spacing);flex-shrink:0}.elementor-widget-divider .elementor-icon{font-size:var(--divider-icon-size)}.elementor-widget-divider .elementor-divider-separator{display:flex;margin:0;direction:ltr}.elementor-widget-divider--view-line_icon .elementor-divider-separator,.elementor-widget-divider--view-line_text .elementor-divider-separator{align-items:center}.elementor-widget-divider--view-line_icon .elementor-divider-separator:after,.elementor-widget-divider--view-line_icon .elementor-divider-separator:before,.elementor-widget-divider--view-line_text .elementor-divider-separator:after,.elementor-widget-divider--view-line_text .elementor-divider-separator:before{display:block;content:\"\";border-block-end:0;flex-grow:1;border-block-start:var(--divider-border-width) var(--divider-border-style) var(--divider-color)}.elementor-widget-divider--element-align-left .elementor-divider .elementor-divider-separator>.elementor-divider__svg:first-of-type{flex-grow:0;flex-shrink:100}.elementor-widget-divider--element-align-left .elementor-divider-separator:before{content:none}.elementor-widget-divider--element-align-left .elementor-divider__element{margin-left:0}.elementor-widget-divider--element-align-right .elementor-divider .elementor-divider-separator>.elementor-divider__svg:last-of-type{flex-grow:0;flex-shrink:100}.elementor-widget-divider--element-align-right .elementor-divider-separator:after{content:none}.elementor-widget-divider--element-align-right .elementor-divider__element{margin-right:0}.elementor-widget-divider--element-align-start .elementor-divider .elementor-divider-separator>.elementor-divider__svg:first-of-type{flex-grow:0;flex-shrink:100}.elementor-widget-divider--element-align-start .elementor-divider-separator:before{content:none}.elementor-widget-divider--element-align-start .elementor-divider__element{margin-inline-start:0}.elementor-widget-divider--element-align-end .elementor-divider .elementor-divider-separator>.elementor-divider__svg:last-of-type{flex-grow:0;flex-shrink:100}.elementor-widget-divider--element-align-end .elementor-divider-separator:after{content:none}.elementor-widget-divider--element-align-end .elementor-divider__element{margin-inline-end:0}.elementor-widget-divider:not(.elementor-widget-divider--view-line_text):not(.elementor-widget-divider--view-line_icon) .elementor-divider-separator{border-block-start:var(--divider-border-width) var(--divider-border-style) var(--divider-color)}.elementor-widget-divider--separator-type-pattern{--divider-border-style:none}.elementor-widget-divider--separator-type-pattern.elementor-widget-divider--view-line .elementor-divider-separator,.elementor-widget-divider--separator-type-pattern:not(.elementor-widget-divider--view-line) .elementor-divider-separator:after,.elementor-widget-divider--separator-type-pattern:not(.elementor-widget-divider--view-line) .elementor-divider-separator:before,.elementor-widget-divider--separator-type-pattern:not([class*=elementor-widget-divider--view]) .elementor-divider-separator{width:100%;min-height:var(--divider-pattern-height);-webkit-mask-size:var(--divider-pattern-size) 100%;mask-size:var(--divider-pattern-size) 100%;-webkit-mask-repeat:var(--divider-pattern-repeat);mask-repeat:var(--divider-pattern-repeat);background-color:var(--divider-color);-webkit-mask-image:var(--divider-pattern-url);mask-image:var(--divider-pattern-url)}.elementor-widget-divider--no-spacing{--divider-pattern-size:auto}.elementor-widget-divider--bg-round{--divider-pattern-repeat:round}.rtl .elementor-widget-divider .elementor-divider__text{direction:rtl}.e-con-inner>.elementor-widget-divider,.e-con>.elementor-widget-divider{width:var(--container-widget-width,100%);--flex-grow:var(--container-widget-flex-grow)}<\/style>\t\t<div class=\"elementor-divider\">\n\t\t\t<span class=\"elementor-divider-separator\">\n\t\t\t\t\t\t<\/span>\n\t\t<\/div>\n\t\t\t\t<\/div>\n\t\t\t\t<\/div>\n\t\t\t\t\t<\/div>\n\t\t<\/div>\n\t\t\t\t\t<\/div>\n\t\t<\/section>\n\t\t\t\t\t<\/div>\n\t\t<\/div>\n\t\t\t\t\t<\/div>\n\t\t<\/section>\n\t\t\t\t<section class=\"elementor-section elementor-top-section elementor-element elementor-element-57a3b347 elementor-section-boxed elementor-section-height-default elementor-section-height-default\" data-id=\"57a3b347\" data-element_type=\"section\" data-settings=\"{&quot;background_background&quot;:&quot;classic&quot;}\">\n\t\t\t\t\t\t<div class=\"elementor-container elementor-column-gap-default\">\n\t\t\t\t\t<div class=\"elementor-column elementor-col-100 elementor-top-column elementor-element elementor-element-12fea6aa\" data-id=\"12fea6aa\" data-element_type=\"column\">\n\t\t\t<div class=\"elementor-widget-wrap elementor-element-populated\">\n\t\t\t\t\t\t<div class=\"elementor-element elementor-element-5cde4b6 the-title-center the-title-center elementor-widget elementor-widget-konsultan-head-title\" data-id=\"5cde4b6\" data-element_type=\"widget\" data-widget_type=\"konsultan-head-title.default\">\n\t\t\t\t<div class=\"elementor-widget-container\">\n\t\t\t<div class=\"head-title head-title-2 text-center clearfix\">\r\n\t<h2 class=\"the-title elementor-inline-editing\" >\r\n\t\t\t\tNos meilleurs services\t<\/h2>\r\n<\/div>\r\n\t\t\t\t<\/div>\n\t\t\t\t<\/div>\n\t\t\t\t<div class=\"elementor-element elementor-element-8d4214f horizontal-item-left extra-padding-use elementor-widget elementor-widget-konsultan-service-block\" data-id=\"8d4214f\" data-element_type=\"widget\" data-widget_type=\"konsultan-service-block.default\">\n\t\t\t\t<div class=\"elementor-widget-container\">\n\t\t\t<div class=\"service-wrap post-wrap clearfix\">\r\n\t<div class=\"row\">\r\n\t\r\n\t\t<div class=\"content-item column column-3 tablet-column-2 mobile-column-1\">\r\n\t\t\t<div class=\"post-content-wrap clearfix\">\r\n\t\t\t\t<div class=\"post-inner box-shadow-content\">\r\n\r\n\t\t\t\t\t\t\t\t\t\t<div class=\"post-thumb\">\r\n\t\t\t\t\t\t<img decoding=\"async\" src=\"https:\/\/traderunner.pt\/fr\/wp-content\/uploads\/2018\/09\/consultation-PHUWVCP-2-500x300.jpg\" alt=\"INTERNATIONAL\">\r\n\t\t\t\t\t\t<div class=\"konsultan-overlay\"><\/div>\r\n\t\t\t\t\t<\/div>\r\n\t\t\t\t\t\r\n\t\t\t\t\t<div class=\"image-description-content\">\r\n\r\n\t\t\t\t\t\t\t\t\t\t\t\t\r\n\t\t\t\t\t\t\t\t\t\t\t\t<div class=\"title-content\">\r\n\t\t\t\t\t\t\t<h2><a href=\"https:\/\/traderunner.pt\/fr\/?service=international\">INTERNATIONAL<\/a><\/h2>\r\n\t\t\t\t\t\t<\/div>\r\n\t\t\t\t\t\t\r\n\t\t\t\t\t\t\t\t\t\t\t\t<div class=\"item-excerpt\">\r\n\t\t\t\t\t\t\t<p>COMMERCE INTERNATIONAL (IMPORT\/ EXPORT) Conscient de la n\u00e9cessit\u00e9 de fournir des conseils sp\u00e9cialis\u00e9s en gestion d&#8217;investissement \u00e0 ses clients, Trade...<\/p>\r\n\t\t\t\t\t\t<\/div>\r\n\t\t\t\t\t\t\t\t\t\t\t\t\t\t\t\t\t\t<div class=\"call-btn-service\">\r\n\t\t\t\t\t\t\t<a href=\"https:\/\/traderunner.pt\/fr\/?service=international\">Read More<\/a>\r\n\t\t\t\t\t\t<\/div>\r\n\t\t\t\t\t\t\r\n\t\t\t\t\t<\/div>\r\n\t\t\t\t<\/div>\r\n\t\t\t<\/div>\r\n\t\t<\/div>\r\n\r\n\t\r\n\t\t<div class=\"content-item column column-3 tablet-column-2 mobile-column-1\">\r\n\t\t\t<div class=\"post-content-wrap clearfix\">\r\n\t\t\t\t<div class=\"post-inner box-shadow-content\">\r\n\r\n\t\t\t\t\t\t\t\t\t\t<div class=\"post-thumb\">\r\n\t\t\t\t\t\t<img decoding=\"async\" src=\"https:\/\/traderunner.pt\/fr\/wp-content\/uploads\/2018\/09\/business-consultation-PQQA29L-2-500x300.jpg\" alt=\"CONSEIL\">\r\n\t\t\t\t\t\t<div class=\"konsultan-overlay\"><\/div>\r\n\t\t\t\t\t<\/div>\r\n\t\t\t\t\t\r\n\t\t\t\t\t<div class=\"image-description-content\">\r\n\r\n\t\t\t\t\t\t\t\t\t\t\t\t\r\n\t\t\t\t\t\t\t\t\t\t\t\t<div class=\"title-content\">\r\n\t\t\t\t\t\t\t<h2><a href=\"https:\/\/traderunner.pt\/fr\/?service=market-research\">CONSEIL<\/a><\/h2>\r\n\t\t\t\t\t\t<\/div>\r\n\t\t\t\t\t\t\r\n\t\t\t\t\t\t\t\t\t\t\t\t<div class=\"item-excerpt\">\r\n\t\t\t\t\t\t\t<p>Dans des op\u00e9rations sp\u00e9cifiques, nous \u00e9tablissons des contrats de affranchissements (Royalties) et de commissions. Comptez sur le soutien de notre...<\/p>\r\n\t\t\t\t\t\t<\/div>\r\n\t\t\t\t\t\t\t\t\t\t\t\t\t\t\t\t\t\t<div class=\"call-btn-service\">\r\n\t\t\t\t\t\t\t<a href=\"https:\/\/traderunner.pt\/fr\/?service=market-research\">Read More<\/a>\r\n\t\t\t\t\t\t<\/div>\r\n\t\t\t\t\t\t\r\n\t\t\t\t\t<\/div>\r\n\t\t\t\t<\/div>\r\n\t\t\t<\/div>\r\n\t\t<\/div>\r\n\r\n\t\r\n\t\t<div class=\"content-item column column-3 tablet-column-2 mobile-column-1\">\r\n\t\t\t<div class=\"post-content-wrap clearfix\">\r\n\t\t\t\t<div class=\"post-inner box-shadow-content\">\r\n\r\n\t\t\t\t\t\t\t\t\t\t<div class=\"post-thumb\">\r\n\t\t\t\t\t\t<img decoding=\"async\" src=\"https:\/\/traderunner.pt\/fr\/wp-content\/uploads\/2018\/09\/risk-management-2-500x300.jpg\" alt=\"INVESTISSEMENT\">\r\n\t\t\t\t\t\t<div class=\"konsultan-overlay\"><\/div>\r\n\t\t\t\t\t<\/div>\r\n\t\t\t\t\t\r\n\t\t\t\t\t<div class=\"image-description-content\">\r\n\r\n\t\t\t\t\t\t\t\t\t\t\t\t\r\n\t\t\t\t\t\t\t\t\t\t\t\t<div class=\"title-content\">\r\n\t\t\t\t\t\t\t<h2><a href=\"https:\/\/traderunner.pt\/fr\/?service=investment\">INVESTISSEMENT<\/a><\/h2>\r\n\t\t\t\t\t\t<\/div>\r\n\t\t\t\t\t\t\r\n\t\t\t\t\t\t\t\t\t\t\t\t<div class=\"item-excerpt\">\r\n\t\t\t\t\t\t\t<p>INVESTISSEMENT &nbsp; Conscient de la n\u00e9cessit\u00e9 de fournir des conseils sp\u00e9cialis\u00e9s en gestion d&#8217;investissement \u00e0 ses clients, Trade Runner a...<\/p>\r\n\t\t\t\t\t\t<\/div>\r\n\t\t\t\t\t\t\t\t\t\t\t\t\t\t\t\t\t\t<div class=\"call-btn-service\">\r\n\t\t\t\t\t\t\t<a href=\"https:\/\/traderunner.pt\/fr\/?service=investment\">Read More<\/a>\r\n\t\t\t\t\t\t<\/div>\r\n\t\t\t\t\t\t\r\n\t\t\t\t\t<\/div>\r\n\t\t\t\t<\/div>\r\n\t\t\t<\/div>\r\n\t\t<\/div>\r\n\r\n\t\t<\/div>\r\n<\/div>\r\n\r\n\t<script>\t\t\r\n\t\tjQuery(window).load(function(){\r\n\t\t\tvar jQuerygridMain = jQuery('.service-wrap').imagesLoaded( function() {\r\n\t\t\t\t\/\/ init Masonry after all images have loaded\r\n\t\t\t\tjQuerygridMain.isotope({\r\n\t\t\t\t\ttransitionDuration: '0.65s',\r\n\t\t\t\t\tinitLayout: true,\r\n\t\t\t\t\tcolumnWidth: '.content-item',\r\n\t\t\t\t\titemSelector: '.content-item',\r\n\t\t\t\t\tfitWidth: true,\r\n\t\t\t\t\tstagger: 30,\r\n\t\t\t\t});\r\n\t\t\t});\r\n\t\t});\r\n\t<\/script>\r\n\t\r\n\t\t\t<\/div>\n\t\t\t\t<\/div>\n\t\t\t\t\t<\/div>\n\t\t<\/div>\n\t\t\t\t\t<\/div>\n\t\t<\/section>\n\t\t\t\t<section class=\"elementor-section elementor-top-section elementor-element elementor-element-58fe8af2 elementor-section-boxed elementor-section-height-default elementor-section-height-default\" data-id=\"58fe8af2\" data-element_type=\"section\" data-settings=\"{&quot;background_background&quot;:&quot;classic&quot;}\">\n\t\t\t\t\t\t\t<div class=\"elementor-background-overlay\"><\/div>\n\t\t\t\t\t\t\t<div class=\"elementor-container elementor-column-gap-default\">\n\t\t\t\t\t<div class=\"elementor-column elementor-col-100 elementor-top-column elementor-element elementor-element-7b27d6ec\" data-id=\"7b27d6ec\" data-element_type=\"column\">\n\t\t\t<div class=\"elementor-widget-wrap elementor-element-populated\">\n\t\t\t\t\t\t<div class=\"elementor-element elementor-element-35c9418 the-title-center the-title-left elementor-widget elementor-widget-konsultan-head-title\" data-id=\"35c9418\" data-element_type=\"widget\" data-widget_type=\"konsultan-head-title.default\">\n\t\t\t\t<div class=\"elementor-widget-container\">\n\t\t\t<div class=\"head-title head-title-2 text-center clearfix\">\r\n\t<h2 class=\"the-title elementor-inline-editing\" >\r\n\t\t\t\t15 ans d'exp\u00e9rience dans le Commerce International\t<\/h2>\r\n<\/div>\r\n\t\t\t\t<\/div>\n\t\t\t\t<\/div>\n\t\t\t\t<div class=\"elementor-element elementor-element-5aa7aa4 elementor-widget elementor-widget-konsultan-text\" data-id=\"5aa7aa4\" data-element_type=\"widget\" data-widget_type=\"konsultan-text.default\">\n\t\t\t\t<div class=\"elementor-widget-container\">\n\t\t\t<div class=\"konsultan-text clearfix\">\r\n<p>Plus que la vente de produits, Trade Runner propose des solutions int\u00e9gr\u00e9es !<\/p><\/div>\t\t<\/div>\n\t\t\t\t<\/div>\n\t\t\t\t<div class=\"elementor-element elementor-element-7b9561f3 elementor-align-center elementor-mobile-align-left elementor-widget elementor-widget-button\" data-id=\"7b9561f3\" data-element_type=\"widget\" data-widget_type=\"button.default\">\n\t\t\t\t<div class=\"elementor-widget-container\">\n\t\t\t\t\t<div class=\"elementor-button-wrapper\">\n\t\t\t<a class=\"elementor-button elementor-button-link elementor-size-md elementor-animation-sink\" href=\"#\">\n\t\t\t\t\t\t<span class=\"elementor-button-content-wrapper\">\n\t\t\t\t\t\t\t\t\t<span class=\"elementor-button-text\">Prendre un rendez-vous<\/span>\n\t\t\t\t\t<\/span>\n\t\t\t\t\t<\/a>\n\t\t<\/div>\n\t\t\t\t<\/div>\n\t\t\t\t<\/div>\n\t\t\t\t\t<\/div>\n\t\t<\/div>\n\t\t\t\t\t<\/div>\n\t\t<\/section>\n\t\t\t\t<\/div>\n\t\t","protected":false},"excerpt":{"rendered":"<p>Prendre un rendez-vous<\/p>\n","protected":false},"author":3,"featured_media":0,"parent":0,"menu_order":0,"comment_status":"closed","ping_status":"closed","template":"template\/page-builder-template.php","meta":{"footnotes":""},"acf":[],"_links":{"self":[{"href":"https:\/\/traderunner.pt\/fr\/wp-json\/wp\/v2\/pages\/1908"}],"collection":[{"href":"https:\/\/traderunner.pt\/fr\/wp-json\/wp\/v2\/pages"}],"about":[{"href":"https:\/\/traderunner.pt\/fr\/wp-json\/wp\/v2\/types\/page"}],"author":[{"embeddable":true,"href":"https:\/\/traderunner.pt\/fr\/wp-json\/wp\/v2\/users\/3"}],"replies":[{"embeddable":true,"href":"https:\/\/traderunner.pt\/fr\/wp-json\/wp\/v2\/comments?post=1908"}],"version-history":[{"count":28,"href":"https:\/\/traderunner.pt\/fr\/wp-json\/wp\/v2\/pages\/1908\/revisions"}],"predecessor-version":[{"id":2188,"href":"https:\/\/traderunner.pt\/fr\/wp-json\/wp\/v2\/pages\/1908\/revisions\/2188"}],"wp:attachment":[{"href":"https:\/\/traderunner.pt\/fr\/wp-json\/wp\/v2\/media?parent=1908"}],"curies":[{"name":"wp","href":"https:\/\/api.w.org\/{rel}","templated":true}]}}